{"id":2902,"date":"2020-09-03T15:20:40","date_gmt":"2020-09-03T13:20:40","guid":{"rendered":"http:\/\/smartlemonsdesign.com\/services\/"},"modified":"2023-09-18T05:40:27","modified_gmt":"2023-09-18T03:40:27","slug":"services","status":"publish","type":"page","link":"https:\/\/smartlemonsdesign.com\/de\/services\/","title":{"rendered":"Unsere Dienstleistungen"},"content":{"rendered":"<div class=\"wpb-content-wrapper\"><p>[vc_row wrap_container=&#8220;yes&#8220; css=&#8220;.vc_custom_1598188910265{padding-top: 55px !important;padding-bottom: 55px !important;}&#8220;][vc_column offset=&#8220;vc_col-md-4&#8243; animation_type=&#8220;fadeInLeft&#8220;]<div class=\"porto-sicon-box  wpb_custom_1efe903570d178ff0a9b7bfa5febd3a4 style_1 left-icon\"><div class=\"porto-sicon-left\"><div class=\"porto-just-icon-wrapper porto-icon advanced\" style=\"color:#2baab1;background:transparent;width:35px;height:35px;line-height:35px;border-radius:500px;font-size:27px;\"><i class=\"fab fa-wordpress-simple\"><\/i><\/div><\/div><div class=\"porto-sicon-body\"><div class=\"porto-sicon-header\"><h3 class=\"porto-sicon-title\" style=\"font-weight:700;line-height:15px;\">WordPress Webseiten<\/h3><\/div> <!-- header --><div class=\"porto-sicon-description\" style=\"\">WordPress ist unser bevorzugtes CMS, da es ultimative Designflexibilit\u00e4t bietet, SEO-freundlich ist und gut mit sozialen Medien funktioniert. Mit WordPress k\u00f6nnen Sie auch zus\u00e4tzliche Tools hinzuf\u00fcgen, die selbst f\u00fcr nicht-technische Benutzer einfach zu handhaben sind.<\/div> <!-- description --><\/div><\/div><!-- porto-sicon-box -->[vc_separator el_width=&#8220;70&#8243;][\/vc_column][vc_column animation_delay=&#8220;200&#8243; offset=&#8220;vc_col-md-4&#8243; animation_type=&#8220;fadeInLeft&#8220;]<div class=\"porto-sicon-box  wpb_custom_1efe903570d178ff0a9b7bfa5febd3a4 style_1 left-icon\"><div class=\"porto-sicon-left\"><div class=\"porto-just-icon-wrapper porto-icon advanced\" style=\"color:#2baab1;background:transparent;width:35px;height:35px;line-height:35px;border-radius:500px;font-size:27px;\"><i class=\"fas fa-shopping-cart\"><\/i><\/div><\/div><div class=\"porto-sicon-body\"><div class=\"porto-sicon-header\"><h3 class=\"porto-sicon-title\" style=\"font-weight:700;line-height:15px;\">E-Commerce Webseiten (Shops)<\/h3><\/div> <!-- header --><div class=\"porto-sicon-description\" style=\"\">Integration von WooCommerce f\u00fcr einen voll funktionsf\u00e4higen Webshop, einschlie\u00dflich unbegrenzter Produkte, unbegrenzter Sprachen, Versandzonen, Lagerverwaltung, Kunden-Emails, Zahlungsgateways und allem, was Sie sonst noch f\u00fcr Ihren Online-Verkauf ben\u00f6tigen.<\/div> <!-- description --><\/div><\/div><!-- porto-sicon-box -->[vc_separator el_width=&#8220;70&#8243;][\/vc_column][vc_column animation_delay=&#8220;400&#8243; offset=&#8220;vc_col-md-4&#8243; animation_type=&#8220;fadeInLeft&#8220;]<div class=\"porto-sicon-box  wpb_custom_1efe903570d178ff0a9b7bfa5febd3a4 style_1 left-icon\"><div class=\"porto-sicon-left\"><div class=\"porto-just-icon-wrapper porto-icon advanced\" style=\"color:#2baab1;background:transparent;width:35px;height:35px;line-height:35px;border-radius:500px;font-size:27px;\"><i class=\"fas fa-rocket\"><\/i><\/div><\/div><div class=\"porto-sicon-body\"><div class=\"porto-sicon-header\"><h3 class=\"porto-sicon-title\" style=\"font-weight:700;line-height:15px;\">Google Ads Experten<\/h3><\/div> <!-- header --><div class=\"porto-sicon-description\" style=\"\">Einzigartige Kombination: Smart Bidding mit k\u00fcnstlicher Intelligenz (KI) &amp; unser bew\u00e4hrtes Gebots-Konzept! Das Ergebnis sind perfektionierte Google Ads Kampagnen ohne Budget-Streuverluste, daf\u00fcr mit hohen Konversionsraten und hochwertigen Leads. Unsere Strategie resultiert in punktgenau optimierten Werbekampagnen, deren Ergebnisse wir nicht nur vorausplanen, sondern garantieren k\u00f6nnen! Unser verwaltetes Ads-Budget liegt aktuell bei \u00fcber 100k EUR.<\/div> <!-- description --><\/div><\/div><!-- porto-sicon-box -->[vc_separator el_width=&#8220;70&#8243;][\/vc_column][vc_column animation_delay=&#8220;800&#8243; offset=&#8220;vc_col-md-4&#8243; animation_type=&#8220;fadeInRight&#8220; css=&#8220;.vc_custom_1598214438577{padding-top: 20px !important;}&#8220;]<div class=\"porto-sicon-box  wpb_custom_1efe903570d178ff0a9b7bfa5febd3a4 style_1 left-icon\"><div class=\"porto-sicon-left\"><div class=\"porto-just-icon-wrapper porto-icon advanced\" style=\"color:#2baab1;background:transparent;width:35px;height:35px;line-height:35px;border-radius:500px;font-size:27px;\"><i class=\"fas fa-home\"><\/i><\/div><\/div><div class=\"porto-sicon-body\"><div class=\"porto-sicon-header\"><h3 class=\"porto-sicon-title\" style=\"font-weight:700;line-height:15px;\">Immobilien Webseiten<\/h3><\/div> <!-- header --><div class=\"porto-sicon-description\" style=\"\">Wir sind auch auf die Erstellung hochgradig anpassbarer WordPress-Webseiten f\u00fcr Makler und Immobilienagenturen spezialisiert. Es besteht die M\u00f6glichkeit, auch Importfunktionen hinzuzuf\u00fcgen, um neue Objekte einfach und schnell online zu ver\u00f6ffentlichen.<\/div> <!-- description --><\/div><\/div><!-- porto-sicon-box -->[vc_separator el_width=&#8220;70&#8243;][\/vc_column][vc_column animation_delay=&#8220;600&#8243; offset=&#8220;vc_col-md-4&#8243; animation_type=&#8220;fadeInRight&#8220; css=&#8220;.vc_custom_1598214444131{padding-top: 20px !important;}&#8220;]<div class=\"porto-sicon-box  wpb_custom_1efe903570d178ff0a9b7bfa5febd3a4 style_1 left-icon\"><div class=\"porto-sicon-left\"><div class=\"porto-just-icon-wrapper porto-icon advanced\" style=\"color:#2baab1;background:transparent;width:35px;height:35px;line-height:35px;border-radius:500px;font-size:27px;\"><i class=\"fas fa-tablet-alt\"><\/i><\/div><\/div><div class=\"porto-sicon-body\"><div class=\"porto-sicon-header\"><h3 class=\"porto-sicon-title\" style=\"font-weight:700;line-height:15px;\">Responsive Webdesign<\/h3><\/div> <!-- header --><div class=\"porto-sicon-description\" style=\"\">Alle von uns erstellten Webseiten sind f\u00fcr alle Bildschirmgr\u00f6\u00dfen optimiert, um sicherzustellen, dass Ihr Web-Auftritt benutzerfreundlich und einfach zu navigieren ist, und auf Smartphones und Tablets genauso perfekt funktioniert wie auf Ihrem Desktop.<\/div> <!-- description --><\/div><\/div><!-- porto-sicon-box -->[vc_separator el_width=&#8220;70&#8243;][\/vc_column][vc_column animation_delay=&#8220;400&#8243; offset=&#8220;vc_col-md-4&#8243; animation_type=&#8220;fadeInRight&#8220; css=&#8220;.vc_custom_1598214449912{padding-top: 20px !important;}&#8220;]<div class=\"porto-sicon-box  wpb_custom_1efe903570d178ff0a9b7bfa5febd3a4 style_1 left-icon\"><div class=\"porto-sicon-left\"><div class=\"porto-just-icon-wrapper porto-icon advanced\" style=\"color:#2baab1;background:transparent;width:35px;height:35px;line-height:35px;border-radius:500px;font-size:27px;\"><i class=\"fas fa-globe\"><\/i><\/div><\/div><div class=\"porto-sicon-body\"><div class=\"porto-sicon-header\"><h3 class=\"porto-sicon-title\" style=\"font-weight:700;line-height:15px;\">Mehrsprachige Webseiten<\/h3><\/div> <!-- header --><div class=\"porto-sicon-description\" style=\"\">Alle von uns erstellten Webseiten k\u00f6nnen f\u00fcr beliebig viele Sprachen gestaltet werden. Wir verwenden das WPML-Plugin, um jede WordPress-Seite und alle Ihre Elemente einfach zu \u00fcbersetzen. WPML ist bei weitem das beliebteste \u00dcbersetzungs-Plugin f\u00fcr WordPress-Webseiten.<\/div> <!-- description --><\/div><\/div><!-- porto-sicon-box -->[vc_separator el_width=&#8220;70&#8243;][\/vc_column][vc_column animation_delay=&#8220;800&#8243; offset=&#8220;vc_col-md-4&#8243; animation_type=&#8220;fadeInLeft&#8220; css=&#8220;.vc_custom_1598214507558{padding-top: 20px !important;}&#8220;]<div class=\"porto-sicon-box  wpb_custom_1efe903570d178ff0a9b7bfa5febd3a4 style_1 left-icon\"><div class=\"porto-sicon-left\"><div class=\"porto-just-icon-wrapper porto-icon advanced\" style=\"color:#2baab1;background:transparent;width:35px;height:35px;line-height:35px;border-radius:500px;font-size:27px;\"><i class=\"fas fa-tachometer-alt\"><\/i><\/div><\/div><div class=\"porto-sicon-body\"><div class=\"porto-sicon-header\"><h3 class=\"porto-sicon-title\" style=\"font-weight:700;line-height:15px;\">SEO-Optimierung<\/h3><\/div> <!-- header --><div class=\"porto-sicon-description\" style=\"\">Alle Webseiten die wir erstellen sind SEO-optimiert, um gute Platzierungen bei Google, Bing und anderen Suchmaschinen zu erreichen. Die Suchmaschinenoptimierung ist der Schl\u00fcssel zur Verbesserung Ihrer Sichtbarkeit in den heutigen wettbewerbsintensiven M\u00e4rkten.<\/div> <!-- description --><\/div><\/div><!-- porto-sicon-box -->[vc_separator el_width=&#8220;70&#8243;][\/vc_column][vc_column animation_delay=&#8220;1000&#8243; offset=&#8220;vc_col-md-4&#8243; animation_type=&#8220;fadeInLeft&#8220; css=&#8220;.vc_custom_1598214576638{padding-top: 20px !important;}&#8220;]<div class=\"porto-sicon-box  wpb_custom_1efe903570d178ff0a9b7bfa5febd3a4 style_1 left-icon\"><div class=\"porto-sicon-left\"><div class=\"porto-just-icon-wrapper porto-icon advanced\" style=\"color:#2baab1;background:transparent;width:35px;height:35px;line-height:35px;border-radius:500px;font-size:27px;\"><i class=\"fas fa-bolt\"><\/i><\/div><\/div><div class=\"porto-sicon-body\"><div class=\"porto-sicon-header\"><h3 class=\"porto-sicon-title\" style=\"font-weight:700;line-height:15px;\">Geschwindigkeitsoptimierung<\/h3><\/div> <!-- header --><div class=\"porto-sicon-description\" style=\"\">Alle von uns erstellten Webseiten werden durch die Integration von Cache und Komprimierung geschwindigkeitsoptimiert. Eine schnell ladende Webseite spielt eine wichtige Rolle bei der SEO-Optimierung und erzielt daher gute Ergebnisse bei der<br \/>\norganischen Suche.<\/div> <!-- description --><\/div><\/div><!-- porto-sicon-box -->[vc_separator el_width=&#8220;70&#8243;][\/vc_column][vc_column animation_delay=&#8220;1200&#8243; offset=&#8220;vc_col-md-4&#8243; animation_type=&#8220;fadeInLeft&#8220; css=&#8220;.vc_custom_1598214583087{padding-top: 20px !important;}&#8220;]<div class=\"porto-sicon-box  wpb_custom_1efe903570d178ff0a9b7bfa5febd3a4 style_1 left-icon\"><div class=\"porto-sicon-left\"><div class=\"porto-just-icon-wrapper porto-icon advanced\" style=\"color:#2baab1;background:transparent;width:35px;height:35px;line-height:35px;border-radius:500px;font-size:27px;\"><i class=\"fas fa-wrench\"><\/i><\/div><\/div><div class=\"porto-sicon-body\"><div class=\"porto-sicon-header\"><h3 class=\"porto-sicon-title\" style=\"font-weight:700;line-height:15px;\">Webseiten-Betreuung<\/h3><\/div> <!-- header --><div class=\"porto-sicon-description\" style=\"\">Wir lassen Sie nach Abschluss Ihres Projekts nicht allein. Smart Lemons Web Design bietet nach Beendigung des Projekt auch weiterhin monatliche Webseiten-Betreuung und Pflege, einschlie\u00dflich Backups, Updates und Optimierungen an. Zu vern\u00fcnftigen Preisen ab EUR 30,-\/Stunde.<\/div> <!-- description --><\/div><\/div><!-- porto-sicon-box -->[vc_separator el_width=&#8220;70&#8243;][\/vc_column][vc_column animation_delay=&#8220;1200&#8243; offset=&#8220;vc_col-md-4&#8243; animation_type=&#8220;fadeInLeft&#8220; css=&#8220;.vc_custom_1598214592840{padding-top: 20px !important;}&#8220;]<div class=\"porto-sicon-box  wpb_custom_1efe903570d178ff0a9b7bfa5febd3a4 style_1 left-icon\"><div class=\"porto-sicon-left\"><div class=\"porto-just-icon-wrapper porto-icon advanced\" style=\"color:#2baab1;background:transparent;width:35px;height:35px;line-height:35px;border-radius:500px;font-size:27px;\"><i class=\"fas fa-chalkboard-teacher\"><\/i><\/div><\/div><div class=\"porto-sicon-body\"><div class=\"porto-sicon-header\"><h3 class=\"porto-sicon-title\" style=\"font-weight:700;line-height:15px;\">Schulungen<\/h3><\/div> <!-- header --><div class=\"porto-sicon-description\" style=\"\">Lernen Sie, WordPress- und HTML-Know-How effektiv einzusetzen, um Ihre Webseite und deren Potential optimal zu nutzen! Smart Lemons Web Design bietet Ihnen Schulungen und Trainings-Sessions an, entweder live oder durch Schulungsvideos.<\/div> <!-- description --><\/div><\/div><!-- porto-sicon-box -->[\/vc_column][vc_column animation_delay=&#8220;1000&#8243; offset=&#8220;vc_col-md-4&#8243; animation_type=&#8220;fadeInLeft&#8220; css=&#8220;.vc_custom_1598214597553{padding-top: 20px !important;}&#8220;]<div class=\"porto-sicon-box  wpb_custom_1efe903570d178ff0a9b7bfa5febd3a4 style_1 left-icon\"><div class=\"porto-sicon-left\"><div class=\"porto-just-icon-wrapper porto-icon advanced\" style=\"color:#2baab1;background:transparent;width:35px;height:35px;line-height:35px;border-radius:500px;font-size:27px;\"><i class=\"fas fa-paint-roller\"><\/i><\/div><\/div><div class=\"porto-sicon-body\"><div class=\"porto-sicon-header\"><h3 class=\"porto-sicon-title\" style=\"font-weight:700;line-height:15px;\">Grafik Design<\/h3><\/div> <!-- header --><div class=\"porto-sicon-description\" style=\"\">Viel mehr als \u201enur\u201c Webdesign &#8211; unsere Grafikdesigner k\u00f6nnen (fast) alles erstellen, wie Logos und Markengestaltungen, Flyer, Kataloge, Visitenkarten-Designs, Buch-Designs, Poster-Designs, Pr\u00e4sentationen und vieles mehr.<\/div> <!-- description --><\/div><\/div><!-- porto-sicon-box -->[\/vc_column][vc_column animation_delay=&#8220;800&#8243; offset=&#8220;vc_col-md-4&#8243; animation_type=&#8220;fadeInLeft&#8220; css=&#8220;.vc_custom_1598214603087{padding-top: 20px !important;}&#8220;]<div class=\"porto-sicon-box  wpb_custom_1efe903570d178ff0a9b7bfa5febd3a4 style_1 left-icon\"><div class=\"porto-sicon-left\"><div class=\"porto-just-icon-wrapper porto-icon advanced\" style=\"color:#2baab1;background:transparent;width:35px;height:35px;line-height:35px;border-radius:500px;font-size:27px;\"><i class=\"fas fa-pen-fancy\"><\/i><\/div><\/div><div class=\"porto-sicon-body\"><div class=\"porto-sicon-header\"><h3 class=\"porto-sicon-title\" style=\"font-weight:700;line-height:15px;\">Content Creation<\/h3><\/div> <!-- header --><div class=\"porto-sicon-description\" style=\"\">Sie haben keine Zeit, eigene Inhalte zu schreiben? Oder Sie ben\u00f6tigen regelm\u00e4\u00dfige Blog-Beitr\u00e4ge f\u00fcr Ihre Webseite oder Ihre sozialen Medien? Kein Problem &#8211; wir schreiben professionelle und kreative Texte in Englisch, Spanisch und Deutsch.<\/div> <!-- description --><\/div><\/div><!-- porto-sicon-box -->[\/vc_column][\/vc_row][vc_row wrap_container=&#8220;yes&#8220; is_section=&#8220;yes&#8220; remove_margin_top=&#8220;yes&#8220; remove_margin_bottom=&#8220;yes&#8220; remove_border=&#8220;yes&#8220;][vc_column][vc_row_inner animation_delay=&#8220;100&#8243; el_class=&#8220;align-items-center&#8220; animation_type=&#8220;fadeInRight&#8220;][vc_column_inner width=&#8220;1\/3&#8243;][vc_single_image image=&#8220;2824&#8243; img_size=&#8220;full&#8220; el_class=&#8220;mt-4&#8243;][\/vc_column_inner][vc_column_inner width=&#8220;2\/3&#8243;][vc_custom_heading text=&#8220;Let\u2019s Get Your Project <strong>Started<\/strong>&#8220; font_container=&#8220;tag:h2|font_size:25px|text_align:left&#8220; use_theme_fonts=&#8220;yes&#8220;][vc_column_text]Worauf warten Sie noch? Starten Sie Ihr Projekt und erhalten Sie <strong>innerhalb von einem Tag<\/strong> ein kostenloses Angebot!<\/p>\n<p>F\u00fcr Ihr Unternehmen ist eine sich von der Masse abhebende Online-Identit\u00e4t von gr\u00f6\u00dfter Bedeutung! Heutzutage sind Sie in dieser mediengetriebenen Welt ohne eine professionelle und moderne Webseite so gut wie unsichtbar. Smart Lemons Web Design bietet Ihnen eine Online-Pr\u00e4senz die hervorsticht, und das innerhalb von 1-2 Wochen. Indem wir Ihre Gesch\u00e4ftsziele verstehen, helfen wir Ihnen au\u00dferdem dabei, die h\u00f6chste Positionierung und die besten Ergebnisse f\u00fcr Ihre Webseite zu erzielen und somit<br \/>\nletztendlich mehr Benutzer und \/ oder Verk\u00e4ufe zu generieren.<\/p>\n<p>Verschwenden Sie keine kostbare Zeit &#8211; erhalten Sie ein kostenloses Angebot und starten Sie JETZT Ihr neues Webprojekt![\/vc_column_text][\/vc_column_inner][\/vc_row_inner][vc_separator color=&#8220;custom&#8220; gap=&#8220;tall&#8220; gradient=&#8220;yes&#8220;][vc_row_inner animation_delay=&#8220;100&#8243; el_class=&#8220;align-items-center&#8220; animation_type=&#8220;fadeInLeft&#8220;][vc_column_inner el_class=&#8220;order-md-2&#8243; width=&#8220;1\/3&#8243;][vc_single_image image=&#8220;2799&#8243; img_size=&#8220;full&#8220; el_class=&#8220;mt-4&#8243;][\/vc_column_inner][vc_column_inner width=&#8220;2\/3&#8243;][vc_custom_heading text=&#8220;<strong>Faire<\/strong> Preise&#8220; font_container=&#8220;tag:h2|font_size:25px|text_align:left&#8220; use_theme_fonts=&#8220;yes&#8220;][vc_column_text]Bei uns gibt es am Ende Ihres neuen Projekts keine b\u00f6sen \u00dcberraschungen!<\/p>\n<p>Wir bei Smart Lemons Web Design sind fair und halten uns an die Regeln. Wir berechnen keinen Cent mehr als vereinbart. Zu Beginn Ihres Projekts erstellen wir zusammen mit Ihnen eine Liste der Funktionen und Merkmale, die Sie auf Ihrer Webseiten integrieren m\u00f6chten. Im Anschlu\u00df senden wir Ihnen das Angebot mitsamt des Gesamtpreises zu.Wenn Sie w\u00e4hrend des Projekts oder sp\u00e4ter weitere Funktionen hinzuf\u00fcgen m\u00f6chten &#8211; kein Problem: wir berechnen zus\u00e4tzliche Arbeit pro Stunde. Keine versteckten Kosten.[\/vc_column_text][\/vc_column_inner][\/vc_row_inner][\/vc_column][\/vc_row][vc_row el_class=&#8220;no-padding&#8220;][vc_column width=&#8220;1\/4&#8243; css=&#8220;.vc_custom_1543827952384{padding-top: 40px !important;padding-right: 40px !important;padding-bottom: 40px !important;padding-left: 40px !important;background-color: #006699 !important;}&#8220;]<div class=\"porto-sicon-box  wpb_custom_1efe903570d178ff0a9b7bfa5febd3a4 style_1 top-icon\"><div class=\"porto-sicon-top\"><div class=\"porto-just-icon-wrapper porto-icon none\" style=\"color:#ffffff;font-size:54px;\"><i class=\"far fa-address-card\"><\/i><\/div><\/div><div class=\"porto-sicon-header\"><h3 class=\"porto-sicon-title\" style=\"font-weight:600;font-size:20px;line-height:38px;color:#ffffff;\">Unternehmens-Webseite<\/h3><p style=\"font-weight:300;color:rgba(255,255,255,0.8);\">Sie m\u00f6chten Ihr Unternehmen online pr\u00e4sentieren (5-10 Seiten), ben\u00f6tigen jedoch kein CMS, Blog, zus\u00e4tzliche Tools und \/ oder regelm\u00e4\u00dfige \u00c4nderungen.<\/p><\/div> <!-- header --><div class=\"porto-sicon-description\" style=\"\"><span style=\"color: #ffffff;\"><strong><span style=\"font-size: 20px;\">Preise ab EUR 699,-<\/span><\/strong><\/span><\/div> <!-- description --><\/div><!-- porto-sicon-box -->[\/vc_column][vc_column width=&#8220;1\/4&#8243; css=&#8220;.vc_custom_1543828150682{padding-top: 40px !important;padding-right: 40px !important;padding-bottom: 40px !important;padding-left: 40px !important;background-color: #0077b3 !important;}&#8220;]<div class=\"porto-sicon-box  wpb_custom_1efe903570d178ff0a9b7bfa5febd3a4 style_1 top-icon\"><div class=\"porto-sicon-top\"><div class=\"porto-just-icon-wrapper porto-icon none\" style=\"color:#ffffff;font-size:54px;\"><i class=\"fab fa-wordpress-simple\"><\/i><\/div><\/div><div class=\"porto-sicon-header\"><h3 class=\"porto-sicon-title\" style=\"font-weight:600;font-size:20px;line-height:38px;color:#ffffff;\">WordPress Webseite<\/h3><p style=\"font-weight:300;color:rgba(255,255,255,0.8);\">Sie ben\u00f6tigen eine Webseite, die flexibel und anpassungsf\u00e4hig ist und mit der auf einfache Weise neue Inhalte und \/ oder Tools hinzugef\u00fcgt werden k\u00f6nnen? Dann ist WordPress Ihre einzige Wahl!<\/p><\/div> <!-- header --><div class=\"porto-sicon-description\" style=\"\"><span style=\"color: #ffffff;\"><strong><span style=\"font-size: 20px;\">Preise ab EUR 899,-<\/span><\/strong><\/span><\/div> <!-- description --><\/div><!-- porto-sicon-box -->[\/vc_column][vc_column width=&#8220;1\/4&#8243; el_class=&#8220;background-color-primary&#8220; css=&#8220;.vc_custom_1543828616539{padding-top: 40px !important;padding-right: 40px !important;padding-bottom: 40px !important;padding-left: 40px !important;}&#8220;]<div class=\"porto-sicon-box  wpb_custom_1efe903570d178ff0a9b7bfa5febd3a4 style_1 top-icon\"><div class=\"porto-sicon-top\"><div class=\"porto-just-icon-wrapper porto-icon none\" style=\"color:#ffffff;font-size:54px;\"><i class=\"fas fa-shopping-cart\"><\/i><\/div><\/div><div class=\"porto-sicon-header\"><h3 class=\"porto-sicon-title\" style=\"font-weight:600;font-size:20px;line-height:38px;color:#ffffff;\">Online Shop<\/h3><p style=\"font-weight:300;color:rgba(255,255,255,0.8);\">Sie m\u00f6chten online verkaufen? Holen Sie sich einen voll funktionsf\u00e4higen Webshop mit Produktvarianten, Lagerverwaltung und Zahlungsgateways.<\/p><\/div> <!-- header --><div class=\"porto-sicon-description\" style=\"\"><span style=\"font-size: 20px; color: #ffffff;\"><strong>Preise ab EUR 1099,-<\/strong><\/span><\/div> <!-- description --><\/div><!-- porto-sicon-box -->[\/vc_column][vc_column width=&#8220;1\/4&#8243; css=&#8220;.vc_custom_1543828642482{padding-top: 40px !important;padding-right: 40px !important;padding-bottom: 40px !important;padding-left: 40px !important;background-color: #0099e6 !important;}&#8220;]<div class=\"porto-sicon-box  wpb_custom_1efe903570d178ff0a9b7bfa5febd3a4 style_1 top-icon\"><div class=\"porto-sicon-top\"><div class=\"porto-just-icon-wrapper porto-icon none\" style=\"color:#ffffff;font-size:54px;\"><i class=\"far fa-edit\"><\/i><\/div><\/div><div class=\"porto-sicon-header\"><h3 class=\"porto-sicon-title\" style=\"font-weight:600;font-size:20px;line-height:38px;color:#ffffff;\">Auf Sie zugeschnitten!<\/h3><p style=\"font-weight:300;color:rgba(255,255,255,0.8);\">So einzigartig wie m\u00f6glich. Sie ben\u00f6tigen individuelle Anpassungen Ihrer aktuellen Webseite, mehrsprachige Inhalte, Grafikdesignarbeiten, Verfassen von Inhalten u.v.m.<\/p><\/div> <!-- header --><div class=\"porto-sicon-description\" style=\"\"><span style=\"color: #ffffff;\"><strong><span style=\"font-size: 20px;\">Preise ab EUR 30,-\/h<\/span><\/strong><\/span><\/div> <!-- description --><\/div><!-- porto-sicon-box -->[\/vc_column][\/vc_row][vc_row][vc_column][vc_empty_space height=&#8220;12px&#8220;][\/vc_column][\/vc_row][vc_row wrap_container=&#8220;yes&#8220; el_class=&#8220;call-to-action-in-footer&#8220; css=&#8220;.vc_custom_1598136660851{padding-top: 50px !important;padding-bottom: 80px !important;background-color: #ffffff !important;}&#8220;][vc_column][vc_cta h2=&#8220;Wir liefern <b>ALLES<\/b>, was Sie f\u00fcr eine erstklassige Webseite ben\u00f6tigen!&#8220; txt_align=&#8220;center&#8220; shape=&#8220;square&#8220; style=&#8220;flat&#8220; color=&#8220;white&#8220; add_button=&#8220;right&#8220; btn_title=&#8220;GRATIS Beratung&#8220; btn_style=&#8220;modern&#8220; btn_color=&#8220;primary&#8220; btn_size=&#8220;lg&#8220; btn_align=&#8220;center&#8220; btn_skin=&#8220;dark&#8220; btn_show_arrow=&#8220;yes&#8220; btn_el_class=&#8220;btn-call-to-action&#8220; css=&#8220;.vc_custom_1598136506072{background-color: #ffffff !important;}&#8220; el_class=&#8220;mb-0&#8243; btn_link=&#8220;url:http%3A%2F%2Fsmartlemonsdesign.com%2Fde%2Fkontakt%2F|title:Kontakt|&#8220;]Wir erstellen benutzerfreundliche, schnelle, mobilfreundliche und SEO-optimierte Webseiten, die fantastisch aussehen und Ihnen sehr gute Suchergebnisse bringen.[\/vc_cta][\/vc_column][\/vc_row]<\/p>\n<\/div>","protected":false},"excerpt":{"rendered":"<p>[vc_row wrap_container=&#8220;yes&#8220; css=&#8220;.vc_custom_1598188910265{padding-top: 55px !important;padding-bottom: 55px !important;}&#8220;][vc_column offset=&#8220;vc_col-md-4&#8243; animation_type=&#8220;fadeInLeft&#8220;][vc_separator el_width=&#8220;70&#8243;][\/vc_column][vc_column animation_delay=&#8220;200&#8243; offset=&#8220;vc_col-md-4&#8243; animation_type=&#8220;fadeInLeft&#8220;][vc_separator el_width=&#8220;70&#8243;][\/vc_column][vc_column animation_delay=&#8220;400&#8243; offset=&#8220;vc_col-md-4&#8243; animation_type=&#8220;fadeInLeft&#8220;][vc_separator el_width=&#8220;70&#8243;][\/vc_column][vc_column animation_delay=&#8220;800&#8243; offset=&#8220;vc_col-md-4&#8243; animation_type=&#8220;fadeInRight&#8220; css=&#8220;.vc_custom_1598214438577{padding-top: 20px !important;}&#8220;][vc_separator el_width=&#8220;70&#8243;][\/vc_column][vc_column animation_delay=&#8220;600&#8243; offset=&#8220;vc_col-md-4&#8243; animation_type=&#8220;fadeInRight&#8220; css=&#8220;.vc_custom_1598214444131{padding-top: 20px !important;}&#8220;][vc_separator el_width=&#8220;70&#8243;][\/vc_column][vc_column animation_delay=&#8220;400&#8243; offset=&#8220;vc_col-md-4&#8243; animation_type=&#8220;fadeInRight&#8220; css=&#8220;.vc_custom_1598214449912{padding-top: 20px !important;}&#8220;][vc_separator el_width=&#8220;70&#8243;][\/vc_column][vc_column animation_delay=&#8220;800&#8243; offset=&#8220;vc_col-md-4&#8243; animation_type=&#8220;fadeInLeft&#8220; css=&#8220;.vc_custom_1598214507558{padding-top: 20px !important;}&#8220;][vc_separator el_width=&#8220;70&#8243;][\/vc_column][vc_column animation_delay=&#8220;1000&#8243; offset=&#8220;vc_col-md-4&#8243; animation_type=&#8220;fadeInLeft&#8220; css=&#8220;.vc_custom_1598214576638{padding-top: 20px !important;}&#8220;][vc_separator el_width=&#8220;70&#8243;][\/vc_column][vc_column animation_delay=&#8220;1200&#8243; offset=&#8220;vc_col-md-4&#8243; [&hellip;]<\/p>\n","protected":false},"author":1,"featured_media":0,"parent":0,"menu_order":0,"comment_status":"closed","ping_status":"closed","template":"","meta":{"footnotes":""},"class_list":["post-2902","page","type-page","status-publish","hentry"],"_links":{"self":[{"href":"https:\/\/smartlemonsdesign.com\/de\/wp-json\/wp\/v2\/pages\/2902","targetHints":{"allow":["GET"]}}],"collection":[{"href":"https:\/\/smartlemonsdesign.com\/de\/wp-json\/wp\/v2\/pages"}],"about":[{"href":"https:\/\/smartlemonsdesign.com\/de\/wp-json\/wp\/v2\/types\/page"}],"author":[{"embeddable":true,"href":"https:\/\/smartlemonsdesign.com\/de\/wp-json\/wp\/v2\/users\/1"}],"replies":[{"embeddable":true,"href":"https:\/\/smartlemonsdesign.com\/de\/wp-json\/wp\/v2\/comments?post=2902"}],"version-history":[{"count":10,"href":"https:\/\/smartlemonsdesign.com\/de\/wp-json\/wp\/v2\/pages\/2902\/revisions"}],"predecessor-version":[{"id":3397,"href":"https:\/\/smartlemonsdesign.com\/de\/wp-json\/wp\/v2\/pages\/2902\/revisions\/3397"}],"wp:attachment":[{"href":"https:\/\/smartlemonsdesign.com\/de\/wp-json\/wp\/v2\/media?parent=2902"}],"curies":[{"name":"wp","href":"https:\/\/api.w.org\/{rel}","templated":true}]}}